{"id":112,"date":"2024-01-31T15:45:25","date_gmt":"2024-01-31T18:45:25","guid":{"rendered":"https:\/\/ricardosilvatattoo.com.br\/?page_id=112"},"modified":"2024-05-03T14:59:13","modified_gmt":"2024-05-03T17:59:13","slug":"artes-plasticas","status":"publish","type":"page","link":"https:\/\/ricardosilvatattoo.com.br\/?page_id=112","title":{"rendered":"Artes Pl\u00e1sticas"},"content":{"rendered":"<p>\u00d3leo sobre telA<\/p>\n<p>Artes pl\u00e1sticas dispon\u00edveis para venda.<\/p>\n<p>Confira alguns trabalhos dispon\u00edveis.<\/p>\n<style>\/*! elementor - v3.19.0 - 29-01-2024 *\/\n.elementor-widget-image-carousel .swiper,.elementor-widget-image-carousel .swiper-container{position:static}.elementor-widget-image-carousel .swiper-container .swiper-slide figure,.elementor-widget-image-carousel .swiper .swiper-slide figure{line-height:inherit}.elementor-widget-image-carousel .swiper-slide{text-align:center}.elementor-image-carousel-wrapper:not(.swiper-container-initialized):not(.swiper-initialized) .swiper-slide{max-width:calc(100% \/ var(--e-image-carousel-slides-to-show, 3))}<\/style>\n<p>\t\t\t\t\t\t\t\t<a data-elementor-open-lightbox=\"yes\" data-elementor-lightbox-slideshow=\"96937d1\" data-elementor-lightbox-title=\"1\" data-e-action-hash=\"#elementor-action%3Aaction%3Dlightbox%26settings%3DeyJpZCI6ODgsInVybCI6Imh0dHA6XC9cL3JpY2FyZG9zaWx2YXRhdHRvby5jb20uYnJcL3dwLWNvbnRlbnRcL3VwbG9hZHNcLzIwMjRcLzAxXC8xLnBuZyIsInNsaWRlc2hvdyI6Ijk2OTM3ZDEifQ%3D%3D\" href=\"https:\/\/ricardosilvatattoo.com.br\/wp-content\/uploads\/2024\/01\/1.png\"><\/p>\n<figure><img decoding=\"async\" src=\"https:\/\/ricardosilvatattoo.com.br\/wp-content\/uploads\/2024\/01\/1.png\" alt=\"1\" \/><\/figure>\n<p><\/a><a data-elementor-open-lightbox=\"yes\" data-elementor-lightbox-slideshow=\"96937d1\" data-elementor-lightbox-title=\"2\" data-e-action-hash=\"#elementor-action%3Aaction%3Dlightbox%26settings%3DeyJpZCI6ODksInVybCI6Imh0dHA6XC9cL3JpY2FyZG9zaWx2YXRhdHRvby5jb20uYnJcL3dwLWNvbnRlbnRcL3VwbG9hZHNcLzIwMjRcLzAxXC8yLnBuZyIsInNsaWRlc2hvdyI6Ijk2OTM3ZDEifQ%3D%3D\" href=\"https:\/\/ricardosilvatattoo.com.br\/wp-content\/uploads\/2024\/01\/2.png\"><\/p>\n<figure><img decoding=\"async\" src=\"https:\/\/ricardosilvatattoo.com.br\/wp-content\/uploads\/2024\/01\/2.png\" alt=\"2\" \/><\/figure>\n<p><\/a><a data-elementor-open-lightbox=\"yes\" data-elementor-lightbox-slideshow=\"96937d1\" data-elementor-lightbox-title=\"3\" data-e-action-hash=\"#elementor-action%3Aaction%3Dlightbox%26settings%3DeyJpZCI6OTAsInVybCI6Imh0dHA6XC9cL3JpY2FyZG9zaWx2YXRhdHRvby5jb20uYnJcL3dwLWNvbnRlbnRcL3VwbG9hZHNcLzIwMjRcLzAxXC8zLnBuZyIsInNsaWRlc2hvdyI6Ijk2OTM3ZDEifQ%3D%3D\" href=\"https:\/\/ricardosilvatattoo.com.br\/wp-content\/uploads\/2024\/01\/3.png\"><\/p>\n<figure><img decoding=\"async\" src=\"https:\/\/ricardosilvatattoo.com.br\/wp-content\/uploads\/2024\/01\/3.png\" alt=\"3\" \/><\/figure>\n<p><\/a><a data-elementor-open-lightbox=\"yes\" data-elementor-lightbox-slideshow=\"96937d1\" data-elementor-lightbox-title=\"4\" data-e-action-hash=\"#elementor-action%3Aaction%3Dlightbox%26settings%3DeyJpZCI6OTEsInVybCI6Imh0dHA6XC9cL3JpY2FyZG9zaWx2YXRhdHRvby5jb20uYnJcL3dwLWNvbnRlbnRcL3VwbG9hZHNcLzIwMjRcLzAxXC80LnBuZyIsInNsaWRlc2hvdyI6Ijk2OTM3ZDEifQ%3D%3D\" href=\"https:\/\/ricardosilvatattoo.com.br\/wp-content\/uploads\/2024\/01\/4.png\"><\/p>\n<figure><img decoding=\"async\" src=\"https:\/\/ricardosilvatattoo.com.br\/wp-content\/uploads\/2024\/01\/4.png\" alt=\"4\" \/><\/figure>\n<p><\/a><a data-elementor-open-lightbox=\"yes\" data-elementor-lightbox-slideshow=\"96937d1\" data-elementor-lightbox-title=\"5\" data-e-action-hash=\"#elementor-action%3Aaction%3Dlightbox%26settings%3DeyJpZCI6OTIsInVybCI6Imh0dHA6XC9cL3JpY2FyZG9zaWx2YXRhdHRvby5jb20uYnJcL3dwLWNvbnRlbnRcL3VwbG9hZHNcLzIwMjRcLzAxXC81LnBuZyIsInNsaWRlc2hvdyI6Ijk2OTM3ZDEifQ%3D%3D\" href=\"https:\/\/ricardosilvatattoo.com.br\/wp-content\/uploads\/2024\/01\/5.png\"><\/p>\n<figure><img decoding=\"async\" src=\"https:\/\/ricardosilvatattoo.com.br\/wp-content\/uploads\/2024\/01\/5.png\" alt=\"5\" \/><\/figure>\n<p><\/a>\t\t\t<\/p>\n<style>\/*! elementor - v3.19.0 - 29-01-2024 *\/\n.elementor-heading-title{padding:0;margin:0;line-height:1}.elementor-widget-heading .elementor-heading-title[class*=elementor-size-]>a{color:inherit;font-size:inherit;line-height:inherit}.elementor-widget-heading .elementor-heading-title.elementor-size-small{font-size:15px}.elementor-widget-heading .elementor-heading-title.elementor-size-medium{font-size:19px}.elementor-widget-heading .elementor-heading-title.elementor-size-large{font-size:29px}.elementor-widget-heading .elementor-heading-title.elementor-size-xl{font-size:39px}.elementor-widget-heading .elementor-heading-title.elementor-size-xxl{font-size:59px}<\/style>\n<h2>Voc\u00ea pode adquirir uma arte como essa para ornamentar seu ambiente. S\u00e3o todas artes autorais, por\u00e9m tamb\u00e9m disponibilizo reprodu\u00e7\u00e3o de fotos, onde voc\u00ea pode transformar uma fotografia em uma obra de arte aut\u00eantica e artesanal!<\/h2>\n<p>\t\t\t<a href=\"https:\/\/wa.link\/rp4639\"><br \/>\n\t\t\t\t\t\tQuero um OR\u00c7AMENTO<br \/>\n\t\t\t\t\t<\/a><\/p>\n<p>Ricardo Silva Tattoo &#8211; 2024<\/p>\n<p><strong>Todos os direitos reservados<\/strong><\/p>\n","protected":false},"excerpt":{"rendered":"<p>\u00d3leo sobre telA Artes pl\u00e1sticas dispon\u00edveis para venda. Confira alguns trabalhos dispon\u00edveis. Voc\u00ea pode adquirir uma arte como essa para ornamentar seu ambiente. S\u00e3o todas artes autorais, por\u00e9m tamb\u00e9m disponibilizo reprodu\u00e7\u00e3o de fotos, onde voc\u00ea pode transformar uma fotografia em uma obra de arte aut\u00eantica e artesanal! Quero um OR\u00c7AMENTO Ricardo Silva Tattoo &#8211; 2024 [&hellip;]<\/p>\n","protected":false},"author":1,"featured_media":0,"parent":0,"menu_order":0,"comment_status":"closed","ping_status":"closed","template":"elementor_canvas","meta":{"footnotes":""},"class_list":["post-112","page","type-page","status-publish","hentry"],"_hostinger_reach_plugin_has_subscription_block":false,"_hostinger_reach_plugin_is_elementor":false,"jetpack_sharing_enabled":true,"_links":{"self":[{"href":"https:\/\/ricardosilvatattoo.com.br\/index.php?rest_route=\/wp\/v2\/pages\/112","targetHints":{"allow":["GET"]}}],"collection":[{"href":"https:\/\/ricardosilvatattoo.com.br\/index.php?rest_route=\/wp\/v2\/pages"}],"about":[{"href":"https:\/\/ricardosilvatattoo.com.br\/index.php?rest_route=\/wp\/v2\/types\/page"}],"author":[{"embeddable":true,"href":"https:\/\/ricardosilvatattoo.com.br\/index.php?rest_route=\/wp\/v2\/users\/1"}],"replies":[{"embeddable":true,"href":"https:\/\/ricardosilvatattoo.com.br\/index.php?rest_route=%2Fwp%2Fv2%2Fcomments&post=112"}],"version-history":[{"count":16,"href":"https:\/\/ricardosilvatattoo.com.br\/index.php?rest_route=\/wp\/v2\/pages\/112\/revisions"}],"predecessor-version":[{"id":271,"href":"https:\/\/ricardosilvatattoo.com.br\/index.php?rest_route=\/wp\/v2\/pages\/112\/revisions\/271"}],"wp:attachment":[{"href":"https:\/\/ricardosilvatattoo.com.br\/index.php?rest_route=%2Fwp%2Fv2%2Fmedia&parent=112"}],"curies":[{"name":"wp","href":"https:\/\/api.w.org\/{rel}","templated":true}]}}